{"id":980,"date":"2015-11-14T10:59:24","date_gmt":"2015-11-14T10:59:24","guid":{"rendered":"http:\/\/www.rawpics.de\/wordpress\/?page_id=9"},"modified":"2019-11-25T11:48:53","modified_gmt":"2019-11-25T10:48:53","slug":"about-me","status":"publish","type":"page","link":"https:\/\/www.rawpics.de\/wordpress\/about-me\/","title":{"rendered":"\u00dcber uns"},"content":{"rendered":"<p><div class=\"fusion-fullwidth fullwidth-box fusion-builder-row-1 nonhundred-percent-fullwidth non-hundred-percent-height-scrolling\" style=\"--awb-background-position:left top;--awb-border-radius-top-left:0px;--awb-border-radius-top-right:0px;--awb-border-radius-bottom-right:0px;--awb-border-radius-bottom-left:0px;--awb-padding-top:20px;--awb-padding-bottom:2.5%;--awb-border-sizes-top:0px;--awb-border-sizes-bottom:0px;--awb-flex-wrap:wrap;\" ><div class=\"fusion-builder-row fusion-row\"><div class=\"fusion-layout-column fusion_builder_column fusion-builder-column-0 fusion_builder_column_1_1 1_1 fusion-one-full fusion-column-first fusion-column-last\" style=\"--awb-padding-top:0%;--awb-padding-right:15%;--awb-padding-bottom:0%;--awb-padding-left:15%;--awb-bg-size:cover;\"><div class=\"fusion-column-wrapper fusion-flex-column-wrapper-legacy\"><div class=\"fusion-text fusion-text-1\"><h3 style=\"text-align: center;\">WIR MACHEN SICHTBAR, WAS NICHT SOFORT INS AUGE F\u00c4LLT<\/h3>\n<\/div><div class=\"fusion-text fusion-text-2\"><p style=\"text-align: center;\">Fotografieren hei\u00dft bekanntlich mit Licht malen. Zuvor muss aber erst einmal wahrgenommen werden, was mit dem Licht gemalt werden soll. Wir haben &#8211; jeder auf seine Weise &#8211; eine individuelle Sichtweise auf Situationen oder Motive. Jeder nimmt etwas anderes wahr, sieht andere Strukturen, Aussagen oder Symboliken, die sich &#8222;hinter&#8220; dem Offensichtlichen verstecken. Unser gemeinsames Ziel ist es, diese sichtbar zu machen und dem Betrachter aufzuzeigen.<\/p>\n<\/div><div class=\"fusion-clearfix\"><\/div><\/div><\/div><\/div><\/div><div class=\"fusion-fullwidth fullwidth-box fusion-builder-row-2 nonhundred-percent-fullwidth non-hundred-percent-height-scrolling\" style=\"--awb-background-position:left top;--awb-border-radius-top-left:0px;--awb-border-radius-top-right:0px;--awb-border-radius-bottom-right:0px;--awb-border-radius-bottom-left:0px;--awb-padding-top:160px;--awb-padding-bottom:100px;--awb-border-sizes-top:0px;--awb-border-sizes-bottom:0px;--awb-flex-wrap:wrap;\" ><div class=\"fusion-builder-row fusion-row\"><div class=\"fusion-layout-column fusion_builder_column fusion-builder-column-1 fusion_builder_column_1_1 1_1 fusion-one-full fusion-column-first fusion-column-last\" style=\"--awb-bg-size:cover;--awb-margin-bottom:65px;\"><div class=\"fusion-column-wrapper fusion-flex-column-wrapper-legacy\"><div class=\"fusion-image-element in-legacy-container\" style=\"--awb-caption-title-font-family:var(--h2_typography-font-family);--awb-caption-title-font-weight:var(--h2_typography-font-weight);--awb-caption-title-font-style:var(--h2_typography-font-style);--awb-caption-title-size:var(--h2_typography-font-size);--awb-caption-title-transform:var(--h2_typography-text-transform);--awb-caption-title-line-height:var(--h2_typography-line-height);--awb-caption-title-letter-spacing:var(--h2_typography-letter-spacing);\"><span class=\" fusion-imageframe imageframe-none imageframe-1 hover-type-none\" style=\"border-radius:4px;\"><img decoding=\"async\" width=\"1920\" height=\"1198\" title=\"DSC09854\" src=\"http:\/\/www.rawpics.de\/wordpress\/wp-content\/uploads\/2019\/11\/DSC09854.jpg\" alt class=\"img-responsive wp-image-1042\" srcset=\"https:\/\/www.rawpics.de\/wordpress\/wp-content\/uploads\/2019\/11\/DSC09854-200x125.jpg 200w, https:\/\/www.rawpics.de\/wordpress\/wp-content\/uploads\/2019\/11\/DSC09854-400x250.jpg 400w, https:\/\/www.rawpics.de\/wordpress\/wp-content\/uploads\/2019\/11\/DSC09854-600x374.jpg 600w, https:\/\/www.rawpics.de\/wordpress\/wp-content\/uploads\/2019\/11\/DSC09854-800x499.jpg 800w, https:\/\/www.rawpics.de\/wordpress\/wp-content\/uploads\/2019\/11\/DSC09854-1200x749.jpg 1200w, https:\/\/www.rawpics.de\/wordpress\/wp-content\/uploads\/2019\/11\/DSC09854.jpg 1920w\" sizes=\"(max-width: 800px) 100vw, 1200px\" \/><\/span><\/div><div class=\"fusion-clearfix\"><\/div><\/div><\/div><div class=\"fusion-layout-column fusion_builder_column fusion-builder-column-2 fusion_builder_column_1_1 1_1 fusion-one-full fusion-column-first fusion-column-last\" style=\"--awb-padding-right:15%;--awb-padding-left:15%;--awb-bg-size:cover;\"><div class=\"fusion-column-wrapper fusion-column-has-shadow fusion-flex-column-wrapper-legacy\"><div class=\"fusion-text fusion-text-3\"><h3 style=\"text-align: center;\">IMMER AUF DER SUCHE<\/h3>\n<\/div><div class=\"fusion-text fusion-text-4\"><p style=\"text-align: center;\">Als Fotografen sind wir immer auf der Suche nach dem n\u00e4chsten Motiv, der n\u00e4chsten Perspektive oder Situation. Und das je spektakul\u00e4rer umso besser? Mitnichten. Gerade Alltagssituationen sind es, die h\u00e4ufig an uns nur so vorbei rauschen, die man nicht bewusst wahr nimmt und schon gar nicht hinterfragt oder festh\u00e4lt. Dabei sind sie es, die unser Leben zu einem Gro\u00dfteil ausmachen. Sie attraktiv in Szene zu setzen, ist die eigentliche Herausforderung.<\/p>\n<\/div><div class=\"fusion-clearfix\"><\/div><\/div><\/div><\/div><\/div><div class=\"fusion-bg-parallax\" data-bg-align=\"center center\" data-direction=\"up\" data-mute=\"false\" data-opacity=\"100\" data-velocity=\"-0.4\" data-mobile-enabled=\"false\" data-break_parents=\"0\" data-bg-image=\"http:\/\/www.rawpics.de\/wordpress\/wp-content\/uploads\/2015\/11\/about_testimonial_bkgd-4.jpg\" data-bg-repeat=\"false\" ><\/div><div class=\"fusion-fullwidth fullwidth-box fusion-builder-row-3 fusion-parallax-up nonhundred-percent-fullwidth non-hundred-percent-height-scrolling\" style=\"--awb-border-radius-top-left:0px;--awb-border-radius-top-right:0px;--awb-border-radius-bottom-right:0px;--awb-border-radius-bottom-left:0px;--awb-padding-top:180px;--awb-padding-bottom:150px;--awb-background-image:url(&quot;http:\/\/www.rawpics.de\/wordpress\/wp-content\/uploads\/2015\/11\/about_testimonial_bkgd-4.jpg&quot;);--awb-background-size:cover;--awb-border-sizes-top:0px;--awb-border-sizes-bottom:0px;--awb-flex-wrap:wrap;\" ><div class=\"fusion-builder-row fusion-row\"><div class=\"fusion-layout-column fusion_builder_column fusion-builder-column-3 fusion_builder_column_1_1 1_1 fusion-one-full fusion-column-first fusion-column-last\" style=\"--awb-padding-top:0%;--awb-padding-right:15%;--awb-padding-bottom:0%;--awb-padding-left:15%;--awb-bg-size:cover;\"><div class=\"fusion-column-wrapper fusion-column-has-shadow fusion-flex-column-wrapper-legacy\"><div class=\"fusion-testimonials clean awb-speech-bubble-show fusion-testimonials-1\" style=\"--awb-textcolor:#dfdfdf;--awb-backgroundcolor:rgba(255,255,255,0);--awb-testimonial-border-style:solid;--awb-testimonial-border-color:var(--awb-color3);--awb-border-top-left-radius:0px;--awb-border-top-right-radius:0px;--awb-border-bottom-left-radius:0px;--awb-border-bottom-right-radius:0px;--testimonial-border-width-top:0px;--testimonial-border-width-right:0px;--testimonial-border-width-bottom:0px;--testimonial-border-width-left:0px;\" data-random=\"0\" data-speed=\"5000\"><div class=\"reviews\"><div class=\"review active-testimonial avatar-above no-avatar\"><blockquote class=\"testimonials-shortcode-blockquote\"><div class=\"awb-quote\"><div class=\"awb-quote-content\">&#8222;Die Erfahrung eines Fotografen ist die Summe des verhunzten Materials.&#8220;<\/div><\/div><\/blockquote><div class=\"author\"><span class=\"company-name\"><strong>FOTOGRAFEN-WEISHEIT IN ANALOGEN ZEITEN<\/strong><\/span><\/div><\/div><div class=\"review avatar-above no-avatar\"><blockquote class=\"testimonials-shortcode-blockquote\"><div class=\"awb-quote\"><div class=\"awb-quote-content\">&#8222;Der Fotograf macht das Bild, nicht die Kamera.&#8220;<\/div><\/div><\/blockquote><div class=\"author\"><span class=\"company-name\"><strong>BINSEN-WEISHEIT<\/strong><\/span><\/div><\/div><div class=\"review avatar-above no-avatar\"><blockquote class=\"testimonials-shortcode-blockquote\"><div class=\"awb-quote\"><div class=\"awb-quote-content\">&#8222;You Press the Button, We Do the Rest.&#8220;<\/div><\/div><\/blockquote><div class=\"author\"><span class=\"company-name\"><strong>KODAK WERBUNG 1888<\/strong><\/span><\/div><\/div><\/div><\/div><div class=\"fusion-clearfix\"><\/div><\/div><\/div><\/div><\/div><div class=\"fusion-fullwidth fullwidth-box fusion-builder-row-4 nonhundred-percent-fullwidth non-hundred-percent-height-scrolling\" style=\"--awb-background-position:left top;--awb-border-radius-top-left:0px;--awb-border-radius-top-right:0px;--awb-border-radius-bottom-right:0px;--awb-border-radius-bottom-left:0px;--awb-padding-top:100px;--awb-padding-bottom:0px;--awb-border-sizes-top:0px;--awb-border-sizes-bottom:0px;--awb-flex-wrap:wrap;\" ><div class=\"fusion-builder-row fusion-row\"><div class=\"fusion-layout-column fusion_builder_column fusion-builder-column-4 fusion_builder_column_1_1 1_1 fusion-one-full fusion-column-first fusion-column-last\" style=\"--awb-bg-size:cover;--awb-margin-bottom:0px;\"><div class=\"fusion-column-wrapper fusion-flex-column-wrapper-legacy\"><div class=\"fusion-title title fusion-title-1 fusion-sep-none fusion-title-center fusion-title-text fusion-title-size-three\" style=\"--awb-margin-top-small:0px;--awb-margin-right-small:0px;--awb-margin-bottom-small:20px;--awb-margin-left-small:0px;\"><h3 class=\"fusion-title-heading title-heading-center fusion-responsive-typography-calculated\" style=\"margin:0;--fontSize:22;--minFontSize:22;line-height:2.22;\">PARTNER, MIT DENEN WIR ZUSAMMEN ARBEITEN<\/h3><\/div><div class=\"fusion-sep-clear\"><\/div><div class=\"fusion-separator fusion-full-width-sep\" style=\"margin-left: auto;margin-right: auto;margin-top:40px;width:100%;\"><\/div><div class=\"fusion-sep-clear\"><\/div><div class=\"fusion-image-carousel fusion-image-carousel-auto fusion-image-carousel-1\"><div class=\"awb-carousel awb-swiper awb-swiper-carousel awb-carousel--carousel awb-swiper-dots-position-bottom\" data-layout=\"carousel\" data-autoplay=\"yes\" data-autoplayspeed=\"2500\" data-autoplaypause=\"no\" data-columns=\"5\" data-columnsmedium=\"1\" data-columnssmall=\"1\" data-itemmargin=\"30\" data-itemwidth=\"180\" data-touchscroll=\"drag\" data-freemode=\"no\" data-imagesize=\"auto\" data-scrollitems=\"1\" data-centeredslides=\"no\" data-rotationangle=\"50\" data-depth=\"100\" data-speed=\"500\" data-shadow=\"no\" data-pagination=\"bullets\" style=\"--awb-column-spacing:30px;\"><div class=\"swiper-wrapper awb-image-carousel-wrapper fusion-flex-align-items-center\"><div class=\"swiper-slide\"><div class=\"fusion-carousel-item-wrapper\"><div class=\"fusion-image-wrapper hover-type-none\"><img decoding=\"async\" width=\"228\" height=\"91\" src=\"https:\/\/www.rawpics.de\/wordpress\/wp-content\/uploads\/2019\/11\/hcn-logo.png\" class=\"attachment-full size-full\" alt=\"City News Hannover\" srcset=\"https:\/\/www.rawpics.de\/wordpress\/wp-content\/uploads\/2019\/11\/hcn-logo-200x80.png 200w, https:\/\/www.rawpics.de\/wordpress\/wp-content\/uploads\/2019\/11\/hcn-logo.png 228w\" sizes=\"(min-width: 2200px) 100vw, (min-width: 1004px) 370px, (min-width: 822px) 555px, (min-width: 640px) 822px, \" \/><\/div><\/div><\/div><div class=\"swiper-slide\"><div class=\"fusion-carousel-item-wrapper\"><div class=\"fusion-image-wrapper hover-type-none\"><img decoding=\"async\" width=\"150\" height=\"51\" src=\"https:\/\/www.rawpics.de\/wordpress\/wp-content\/uploads\/2019\/11\/B-I-T_GmbH_Logo_RGB-150.png\" class=\"attachment-full size-full\" alt=\"\" \/><\/div><\/div><\/div><div class=\"swiper-slide\"><div class=\"fusion-carousel-item-wrapper\"><div class=\"fusion-image-wrapper hover-type-none\"><img decoding=\"async\" width=\"234\" height=\"91\" src=\"https:\/\/www.rawpics.de\/wordpress\/wp-content\/uploads\/2019\/11\/gcn-Logo.png\" class=\"attachment-full size-full\" alt=\"\" srcset=\"https:\/\/www.rawpics.de\/wordpress\/wp-content\/uploads\/2019\/11\/gcn-Logo-200x78.png 200w, https:\/\/www.rawpics.de\/wordpress\/wp-content\/uploads\/2019\/11\/gcn-Logo.png 234w\" sizes=\"(min-width: 2200px) 100vw, (min-width: 1004px) 370px, (min-width: 822px) 555px, (min-width: 640px) 822px, \" \/><\/div><\/div><\/div><\/div><\/div><\/div><div class=\"fusion-clearfix\"><\/div><\/div><\/div><\/div><\/div><\/p>\n","protected":false},"excerpt":{"rendered":"","protected":false},"author":1,"featured_media":0,"parent":0,"menu_order":0,"comment_status":"closed","ping_status":"closed","template":"100-width.php","meta":{"footnotes":""},"class_list":["post-980","page","type-page","status-publish","hentry"],"yoast_head":"<!-- This site is optimized with the Yoast SEO plugin v27.5 - https:\/\/yoast.com\/product\/yoast-seo-wordpress\/ -->\n<title>\u00dcber uns - rawPics<\/title>\n<meta name=\"robots\" content=\"index, follow, max-snippet:-1, max-image-preview:large, max-video-preview:-1\" \/>\n<link rel=\"canonical\" href=\"https:\/\/www.rawpics.de\/wordpress\/about-me\/\" \/>\n<meta property=\"og:locale\" content=\"de_DE\" \/>\n<meta property=\"og:type\" content=\"article\" \/>\n<meta property=\"og:title\" content=\"\u00dcber uns - rawPics\" \/>\n<meta property=\"og:url\" content=\"https:\/\/www.rawpics.de\/wordpress\/about-me\/\" \/>\n<meta property=\"og:site_name\" content=\"rawPics\" \/>\n<meta property=\"article:publisher\" content=\"https:\/\/www.facebook.com\/rawpics.wecks\" \/>\n<meta property=\"article:modified_time\" content=\"2019-11-25T10:48:53+00:00\" \/>\n<meta name=\"twitter:card\" content=\"summary_large_image\" \/>\n<meta name=\"twitter:label1\" content=\"Gesch\u00e4tzte Lesezeit\" \/>\n\t<meta name=\"twitter:data1\" content=\"8\u00a0Minuten\" \/>\n<script type=\"application\/ld+json\" class=\"yoast-schema-graph\">{\"@context\":\"https:\\\/\\\/schema.org\",\"@graph\":[{\"@type\":\"WebPage\",\"@id\":\"https:\\\/\\\/www.rawpics.de\\\/wordpress\\\/about-me\\\/\",\"url\":\"https:\\\/\\\/www.rawpics.de\\\/wordpress\\\/about-me\\\/\",\"name\":\"\u00dcber uns - rawPics\",\"isPartOf\":{\"@id\":\"https:\\\/\\\/www.rawpics.de\\\/wordpress\\\/#website\"},\"datePublished\":\"2015-11-14T10:59:24+00:00\",\"dateModified\":\"2019-11-25T10:48:53+00:00\",\"breadcrumb\":{\"@id\":\"https:\\\/\\\/www.rawpics.de\\\/wordpress\\\/about-me\\\/#breadcrumb\"},\"inLanguage\":\"de\",\"potentialAction\":[{\"@type\":\"ReadAction\",\"target\":[\"https:\\\/\\\/www.rawpics.de\\\/wordpress\\\/about-me\\\/\"]}]},{\"@type\":\"BreadcrumbList\",\"@id\":\"https:\\\/\\\/www.rawpics.de\\\/wordpress\\\/about-me\\\/#breadcrumb\",\"itemListElement\":[{\"@type\":\"ListItem\",\"position\":1,\"name\":\"Startseite\",\"item\":\"https:\\\/\\\/www.rawpics.de\\\/wordpress\\\/\"},{\"@type\":\"ListItem\",\"position\":2,\"name\":\"\u00dcber uns\"}]},{\"@type\":\"WebSite\",\"@id\":\"https:\\\/\\\/www.rawpics.de\\\/wordpress\\\/#website\",\"url\":\"https:\\\/\\\/www.rawpics.de\\\/wordpress\\\/\",\"name\":\"rawPics - Ralph und Astrid Wecks Fotografie\",\"description\":\"Ralph und Astrid Wecks Fotografie\",\"publisher\":{\"@id\":\"https:\\\/\\\/www.rawpics.de\\\/wordpress\\\/#organization\"},\"potentialAction\":[{\"@type\":\"SearchAction\",\"target\":{\"@type\":\"EntryPoint\",\"urlTemplate\":\"https:\\\/\\\/www.rawpics.de\\\/wordpress\\\/?s={search_term_string}\"},\"query-input\":{\"@type\":\"PropertyValueSpecification\",\"valueRequired\":true,\"valueName\":\"search_term_string\"}}],\"inLanguage\":\"de\"},{\"@type\":\"Organization\",\"@id\":\"https:\\\/\\\/www.rawpics.de\\\/wordpress\\\/#organization\",\"name\":\"rawPics - Ralph und Astrid Wecks Fotografie\",\"url\":\"https:\\\/\\\/www.rawpics.de\\\/wordpress\\\/\",\"logo\":{\"@type\":\"ImageObject\",\"inLanguage\":\"de\",\"@id\":\"https:\\\/\\\/www.rawpics.de\\\/wordpress\\\/#\\\/schema\\\/logo\\\/image\\\/\",\"url\":\"\",\"contentUrl\":\"\",\"caption\":\"rawPics - Ralph und Astrid Wecks Fotografie\"},\"image\":{\"@id\":\"https:\\\/\\\/www.rawpics.de\\\/wordpress\\\/#\\\/schema\\\/logo\\\/image\\\/\"},\"sameAs\":[\"https:\\\/\\\/www.facebook.com\\\/rawpics.wecks\"]}]}<\/script>\n<!-- \/ Yoast SEO plugin. -->","yoast_head_json":{"title":"\u00dcber uns - rawPics","robots":{"index":"index","follow":"follow","max-snippet":"max-snippet:-1","max-image-preview":"max-image-preview:large","max-video-preview":"max-video-preview:-1"},"canonical":"https:\/\/www.rawpics.de\/wordpress\/about-me\/","og_locale":"de_DE","og_type":"article","og_title":"\u00dcber uns - rawPics","og_url":"https:\/\/www.rawpics.de\/wordpress\/about-me\/","og_site_name":"rawPics","article_publisher":"https:\/\/www.facebook.com\/rawpics.wecks","article_modified_time":"2019-11-25T10:48:53+00:00","twitter_card":"summary_large_image","twitter_misc":{"Gesch\u00e4tzte Lesezeit":"8\u00a0Minuten"},"schema":{"@context":"https:\/\/schema.org","@graph":[{"@type":"WebPage","@id":"https:\/\/www.rawpics.de\/wordpress\/about-me\/","url":"https:\/\/www.rawpics.de\/wordpress\/about-me\/","name":"\u00dcber uns - rawPics","isPartOf":{"@id":"https:\/\/www.rawpics.de\/wordpress\/#website"},"datePublished":"2015-11-14T10:59:24+00:00","dateModified":"2019-11-25T10:48:53+00:00","breadcrumb":{"@id":"https:\/\/www.rawpics.de\/wordpress\/about-me\/#breadcrumb"},"inLanguage":"de","potentialAction":[{"@type":"ReadAction","target":["https:\/\/www.rawpics.de\/wordpress\/about-me\/"]}]},{"@type":"BreadcrumbList","@id":"https:\/\/www.rawpics.de\/wordpress\/about-me\/#breadcrumb","itemListElement":[{"@type":"ListItem","position":1,"name":"Startseite","item":"https:\/\/www.rawpics.de\/wordpress\/"},{"@type":"ListItem","position":2,"name":"\u00dcber uns"}]},{"@type":"WebSite","@id":"https:\/\/www.rawpics.de\/wordpress\/#website","url":"https:\/\/www.rawpics.de\/wordpress\/","name":"rawPics - Ralph und Astrid Wecks Fotografie","description":"Ralph und Astrid Wecks Fotografie","publisher":{"@id":"https:\/\/www.rawpics.de\/wordpress\/#organization"},"potentialAction":[{"@type":"SearchAction","target":{"@type":"EntryPoint","urlTemplate":"https:\/\/www.rawpics.de\/wordpress\/?s={search_term_string}"},"query-input":{"@type":"PropertyValueSpecification","valueRequired":true,"valueName":"search_term_string"}}],"inLanguage":"de"},{"@type":"Organization","@id":"https:\/\/www.rawpics.de\/wordpress\/#organization","name":"rawPics - Ralph und Astrid Wecks Fotografie","url":"https:\/\/www.rawpics.de\/wordpress\/","logo":{"@type":"ImageObject","inLanguage":"de","@id":"https:\/\/www.rawpics.de\/wordpress\/#\/schema\/logo\/image\/","url":"","contentUrl":"","caption":"rawPics - Ralph und Astrid Wecks Fotografie"},"image":{"@id":"https:\/\/www.rawpics.de\/wordpress\/#\/schema\/logo\/image\/"},"sameAs":["https:\/\/www.facebook.com\/rawpics.wecks"]}]}},"_links":{"self":[{"href":"https:\/\/www.rawpics.de\/wordpress\/wp-json\/wp\/v2\/pages\/980","targetHints":{"allow":["GET"]}}],"collection":[{"href":"https:\/\/www.rawpics.de\/wordpress\/wp-json\/wp\/v2\/pages"}],"about":[{"href":"https:\/\/www.rawpics.de\/wordpress\/wp-json\/wp\/v2\/types\/page"}],"author":[{"embeddable":true,"href":"https:\/\/www.rawpics.de\/wordpress\/wp-json\/wp\/v2\/users\/1"}],"replies":[{"embeddable":true,"href":"https:\/\/www.rawpics.de\/wordpress\/wp-json\/wp\/v2\/comments?post=980"}],"version-history":[{"count":28,"href":"https:\/\/www.rawpics.de\/wordpress\/wp-json\/wp\/v2\/pages\/980\/revisions"}],"predecessor-version":[{"id":1681,"href":"https:\/\/www.rawpics.de\/wordpress\/wp-json\/wp\/v2\/pages\/980\/revisions\/1681"}],"wp:attachment":[{"href":"https:\/\/www.rawpics.de\/wordpress\/wp-json\/wp\/v2\/media?parent=980"}],"curies":[{"name":"wp","href":"https:\/\/api.w.org\/{rel}","templated":true}]}}