{"id":1148,"date":"2019-11-12T14:13:42","date_gmt":"2019-11-12T13:13:42","guid":{"rendered":"http:\/\/www.rawpics.de\/wordpress\/?page_id=1148"},"modified":"2019-11-25T18:36:48","modified_gmt":"2019-11-25T17:36:48","slug":"impressum","status":"publish","type":"page","link":"https:\/\/www.rawpics.de\/wordpress\/impressum\/","title":{"rendered":"Impressum"},"content":{"rendered":"<div class=\"fusion-fullwidth fullwidth-box fusion-builder-row-1 nonhundred-percent-fullwidth non-hundred-percent-height-scrolling\" style=\"--awb-border-radius-top-left:0px;--awb-border-radius-top-right:0px;--awb-border-radius-bottom-right:0px;--awb-border-radius-bottom-left:0px;--awb-flex-wrap:wrap;\" ><div class=\"fusion-builder-row fusion-row\"><div class=\"fusion-layout-column fusion_builder_column fusion-builder-column-0 fusion_builder_column_1_1 1_1 fusion-one-full fusion-column-first fusion-column-last\" style=\"--awb-padding-top:100px;--awb-bg-size:cover;\"><div class=\"fusion-column-wrapper fusion-column-has-shadow fusion-flex-column-wrapper-legacy\"><div class=\"fusion-text fusion-text-1\"><h1>Impressum<\/h1>\n<\/div><div class=\"fusion-text fusion-text-2\"><p>Angaben f\u00fcr dieses Impressum gem\u00e4\u00df \u00a7 5 TMG:<br \/>\n<strong>rawPics &#8211; Ralph und Astrid Wecks Fotografie<\/strong><br \/>\nDipl.-Oec. Astrid Wecks<br \/>\nDipl-Oec. Ralph Wecks<br \/>\nHannoversche Stra\u00dfe 136B<br \/>\n30823 Garbsen<\/p>\n<p>Tel.: 05137-13291<br \/>\nE-Mail: info@rawpics.de<br \/>\nInternet: www.rawpics.de<\/p>\n<p><strong>Haftungshinweis<\/strong><br \/>\nF\u00fcr den Inhalt von verlinkten Internetseiten sind ausschlie\u00dflich deren Betreiber allein verantwortlich. Insoweit wird keine Haftung f\u00fcr die Inhalte externer Links \u00fcbernommen.<\/p>\n<p><strong>Alle Rechte vorbehalten<\/strong><br \/>\nOhne vorherige Genehmigung der Firma darf ein Nachdruck, eine Aufnahme ins Internet bzw. Online-Dienst nicht vorgenommen werden. Dies gilt ebenso f\u00fcr die Aufnahme elektronischer Datenbanksysteme sowie die Vervielf\u00e4ltigung auf elektronische Datentr\u00e4ger. Die Inhalte dieser Seiten sowie deren Gestaltung unterliegen dem Urheberrecht der Firma.<\/p>\n<p>Verantwortlich f\u00fcr den Inhalt nach \u00a7 55 Abs. 2 RStV:<\/p>\n<p>Dipl.-Oec. Astrid Wecks<br \/>\nDipl-Oec. Ralph Wecks<br \/>\nHannoversche Stra\u00dfe 136B<br \/>\n30823 Garbsen<\/p>\n<p><b>Fotos<br \/>\n<\/b>rawPics, Hannover<\/p>\n<p><strong>Markenrecht<br \/>\n<\/strong>Auf der Website werden Markennamen verwendet. <a href=\"https:\/\/www.intrexx.com\/\">Intrexx<\/a> ist ein eingetragenes Warenzeichen der United Planet GmbH. S\u00e4mtliche anderen genannten Marken und Logos sind Marken, eingetragene Marken und\/oder Warenzeichen der jeweiligen Eigent\u00fcmer.<\/p>\n<p>Impressum vom 12.11.2019<\/p>\n<\/div><div class=\"fusion-clearfix\"><\/div><\/div><\/div><\/div><\/div>\n","protected":false},"excerpt":{"rendered":"","protected":false},"author":1,"featured_media":0,"parent":0,"menu_order":0,"comment_status":"closed","ping_status":"closed","template":"","meta":{"footnotes":""},"class_list":["post-1148","page","type-page","status-publish","hentry"],"yoast_head":"<!-- This site is optimized with the Yoast SEO plugin v27.4 - https:\/\/yoast.com\/product\/yoast-seo-wordpress\/ -->\n<title>Impressum - rawPics<\/title>\n<meta name=\"robots\" content=\"index, follow, max-snippet:-1, max-image-preview:large, max-video-preview:-1\" \/>\n<link rel=\"canonical\" href=\"https:\/\/www.rawpics.de\/wordpress\/impressum\/\" \/>\n<meta property=\"og:locale\" content=\"de_DE\" \/>\n<meta property=\"og:type\" content=\"article\" \/>\n<meta property=\"og:title\" content=\"Impressum - rawPics\" \/>\n<meta property=\"og:url\" content=\"https:\/\/www.rawpics.de\/wordpress\/impressum\/\" \/>\n<meta property=\"og:site_name\" content=\"rawPics\" \/>\n<meta property=\"article:publisher\" content=\"https:\/\/www.facebook.com\/rawpics.wecks\" \/>\n<meta property=\"article:modified_time\" content=\"2019-11-25T17:36:48+00:00\" \/>\n<meta name=\"twitter:card\" content=\"summary_large_image\" \/>\n<meta name=\"twitter:label1\" content=\"Gesch\u00e4tzte Lesezeit\" \/>\n\t<meta name=\"twitter:data1\" content=\"3\u00a0Minuten\" \/>\n<script type=\"application\/ld+json\" class=\"yoast-schema-graph\">{\"@context\":\"https:\\\/\\\/schema.org\",\"@graph\":[{\"@type\":\"WebPage\",\"@id\":\"https:\\\/\\\/www.rawpics.de\\\/wordpress\\\/impressum\\\/\",\"url\":\"https:\\\/\\\/www.rawpics.de\\\/wordpress\\\/impressum\\\/\",\"name\":\"Impressum - rawPics\",\"isPartOf\":{\"@id\":\"https:\\\/\\\/www.rawpics.de\\\/wordpress\\\/#website\"},\"datePublished\":\"2019-11-12T13:13:42+00:00\",\"dateModified\":\"2019-11-25T17:36:48+00:00\",\"breadcrumb\":{\"@id\":\"https:\\\/\\\/www.rawpics.de\\\/wordpress\\\/impressum\\\/#breadcrumb\"},\"inLanguage\":\"de\",\"potentialAction\":[{\"@type\":\"ReadAction\",\"target\":[\"https:\\\/\\\/www.rawpics.de\\\/wordpress\\\/impressum\\\/\"]}]},{\"@type\":\"BreadcrumbList\",\"@id\":\"https:\\\/\\\/www.rawpics.de\\\/wordpress\\\/impressum\\\/#breadcrumb\",\"itemListElement\":[{\"@type\":\"ListItem\",\"position\":1,\"name\":\"Startseite\",\"item\":\"https:\\\/\\\/www.rawpics.de\\\/wordpress\\\/\"},{\"@type\":\"ListItem\",\"position\":2,\"name\":\"Impressum\"}]},{\"@type\":\"WebSite\",\"@id\":\"https:\\\/\\\/www.rawpics.de\\\/wordpress\\\/#website\",\"url\":\"https:\\\/\\\/www.rawpics.de\\\/wordpress\\\/\",\"name\":\"rawPics - Ralph und Astrid Wecks Fotografie\",\"description\":\"Ralph und Astrid Wecks Fotografie\",\"publisher\":{\"@id\":\"https:\\\/\\\/www.rawpics.de\\\/wordpress\\\/#organization\"},\"potentialAction\":[{\"@type\":\"SearchAction\",\"target\":{\"@type\":\"EntryPoint\",\"urlTemplate\":\"https:\\\/\\\/www.rawpics.de\\\/wordpress\\\/?s={search_term_string}\"},\"query-input\":{\"@type\":\"PropertyValueSpecification\",\"valueRequired\":true,\"valueName\":\"search_term_string\"}}],\"inLanguage\":\"de\"},{\"@type\":\"Organization\",\"@id\":\"https:\\\/\\\/www.rawpics.de\\\/wordpress\\\/#organization\",\"name\":\"rawPics - Ralph und Astrid Wecks Fotografie\",\"url\":\"https:\\\/\\\/www.rawpics.de\\\/wordpress\\\/\",\"logo\":{\"@type\":\"ImageObject\",\"inLanguage\":\"de\",\"@id\":\"https:\\\/\\\/www.rawpics.de\\\/wordpress\\\/#\\\/schema\\\/logo\\\/image\\\/\",\"url\":\"\",\"contentUrl\":\"\",\"caption\":\"rawPics - Ralph und Astrid Wecks Fotografie\"},\"image\":{\"@id\":\"https:\\\/\\\/www.rawpics.de\\\/wordpress\\\/#\\\/schema\\\/logo\\\/image\\\/\"},\"sameAs\":[\"https:\\\/\\\/www.facebook.com\\\/rawpics.wecks\"]}]}<\/script>\n<!-- \/ Yoast SEO plugin. -->","yoast_head_json":{"title":"Impressum - rawPics","robots":{"index":"index","follow":"follow","max-snippet":"max-snippet:-1","max-image-preview":"max-image-preview:large","max-video-preview":"max-video-preview:-1"},"canonical":"https:\/\/www.rawpics.de\/wordpress\/impressum\/","og_locale":"de_DE","og_type":"article","og_title":"Impressum - rawPics","og_url":"https:\/\/www.rawpics.de\/wordpress\/impressum\/","og_site_name":"rawPics","article_publisher":"https:\/\/www.facebook.com\/rawpics.wecks","article_modified_time":"2019-11-25T17:36:48+00:00","twitter_card":"summary_large_image","twitter_misc":{"Gesch\u00e4tzte Lesezeit":"3\u00a0Minuten"},"schema":{"@context":"https:\/\/schema.org","@graph":[{"@type":"WebPage","@id":"https:\/\/www.rawpics.de\/wordpress\/impressum\/","url":"https:\/\/www.rawpics.de\/wordpress\/impressum\/","name":"Impressum - rawPics","isPartOf":{"@id":"https:\/\/www.rawpics.de\/wordpress\/#website"},"datePublished":"2019-11-12T13:13:42+00:00","dateModified":"2019-11-25T17:36:48+00:00","breadcrumb":{"@id":"https:\/\/www.rawpics.de\/wordpress\/impressum\/#breadcrumb"},"inLanguage":"de","potentialAction":[{"@type":"ReadAction","target":["https:\/\/www.rawpics.de\/wordpress\/impressum\/"]}]},{"@type":"BreadcrumbList","@id":"https:\/\/www.rawpics.de\/wordpress\/impressum\/#breadcrumb","itemListElement":[{"@type":"ListItem","position":1,"name":"Startseite","item":"https:\/\/www.rawpics.de\/wordpress\/"},{"@type":"ListItem","position":2,"name":"Impressum"}]},{"@type":"WebSite","@id":"https:\/\/www.rawpics.de\/wordpress\/#website","url":"https:\/\/www.rawpics.de\/wordpress\/","name":"rawPics - Ralph und Astrid Wecks Fotografie","description":"Ralph und Astrid Wecks Fotografie","publisher":{"@id":"https:\/\/www.rawpics.de\/wordpress\/#organization"},"potentialAction":[{"@type":"SearchAction","target":{"@type":"EntryPoint","urlTemplate":"https:\/\/www.rawpics.de\/wordpress\/?s={search_term_string}"},"query-input":{"@type":"PropertyValueSpecification","valueRequired":true,"valueName":"search_term_string"}}],"inLanguage":"de"},{"@type":"Organization","@id":"https:\/\/www.rawpics.de\/wordpress\/#organization","name":"rawPics - Ralph und Astrid Wecks Fotografie","url":"https:\/\/www.rawpics.de\/wordpress\/","logo":{"@type":"ImageObject","inLanguage":"de","@id":"https:\/\/www.rawpics.de\/wordpress\/#\/schema\/logo\/image\/","url":"","contentUrl":"","caption":"rawPics - Ralph und Astrid Wecks Fotografie"},"image":{"@id":"https:\/\/www.rawpics.de\/wordpress\/#\/schema\/logo\/image\/"},"sameAs":["https:\/\/www.facebook.com\/rawpics.wecks"]}]}},"_links":{"self":[{"href":"https:\/\/www.rawpics.de\/wordpress\/wp-json\/wp\/v2\/pages\/1148","targetHints":{"allow":["GET"]}}],"collection":[{"href":"https:\/\/www.rawpics.de\/wordpress\/wp-json\/wp\/v2\/pages"}],"about":[{"href":"https:\/\/www.rawpics.de\/wordpress\/wp-json\/wp\/v2\/types\/page"}],"author":[{"embeddable":true,"href":"https:\/\/www.rawpics.de\/wordpress\/wp-json\/wp\/v2\/users\/1"}],"replies":[{"embeddable":true,"href":"https:\/\/www.rawpics.de\/wordpress\/wp-json\/wp\/v2\/comments?post=1148"}],"version-history":[{"count":4,"href":"https:\/\/www.rawpics.de\/wordpress\/wp-json\/wp\/v2\/pages\/1148\/revisions"}],"predecessor-version":[{"id":1687,"href":"https:\/\/www.rawpics.de\/wordpress\/wp-json\/wp\/v2\/pages\/1148\/revisions\/1687"}],"wp:attachment":[{"href":"https:\/\/www.rawpics.de\/wordpress\/wp-json\/wp\/v2\/media?parent=1148"}],"curies":[{"name":"wp","href":"https:\/\/api.w.org\/{rel}","templated":true}]}}